{"id":13,"date":"2013-12-15T18:06:51","date_gmt":"2013-12-15T18:06:51","guid":{"rendered":"http:\/\/www.homenspelofimdaviolencia.com.br\/?page_id=13"},"modified":"2023-01-04T19:53:30","modified_gmt":"2023-01-04T19:53:30","slug":"lei-maria-da-penha","status":"publish","type":"page","link":"http:\/\/homenspelofimdaviolencia.com.br\/index.php\/lei-maria-da-penha\/","title":{"rendered":"Lei Maria da Penha"},"content":{"rendered":"<div>\n<p>Em 2006 entrou em vigor a a lei n\u00famero 11.340 popularmente conhecida como Lei Maria da Penha que visa o aumento no rigor das puni\u00e7\u00f5es das agress\u00f5es contra a mulher quando ocorridas no \u00e2mbito dom\u00e9stico ou familiar.<\/p>\n<p>A Lei Maria da Penha destaca as seguintes formas de viol\u00eancia dom\u00e9stica e familiar contra a mulher: Viol\u00eancia f\u00edsica, psicol\u00f3gica, sexual, patrimonial e viol\u00eancia moral.<\/p>\n<p title=\"Maria da penha\">A Lei possibilitou que agressores de mulheres no \u00e2mbito dom\u00e9stico ou familiar sejam presos em flagrante ou tenham sua pris\u00e3o preventiva decretada, estes agressores tamb\u00e9m n\u00e3o poder\u00e3o mais ser punidos com penas alternativas, a legisla\u00e7\u00e3o tamb\u00e9m aumenta o tempo m\u00e1ximo de deten\u00e7\u00e3o previsto de um para tr\u00eas anos, a nova lei ainda prev\u00ea medidas que v\u00e3o desde a sa\u00edda do agressor do domic\u00edlio e a proibi\u00e7\u00e3o de sua aproxima\u00e7\u00e3o da mulher agredida<strong>. <\/strong>A mulher poder\u00e1 tamb\u00e9m ficar seis meses afastada do trabalho sem perder o emprego se for constatada a necessidade de manuten\u00e7\u00e3o de sua integridade f\u00edsica ou psicol\u00f3gica.<\/p>\n<p title=\"Maria da penha\"><img loading=\"lazy\" decoding=\"async\" class=\"aligncenter wp-image-14 size-full\" src=\"http:\/\/www.homenspelofimdaviolencia.com.br\/wp-content\/uploads\/maria-da-penha.png\" alt=\"Maria da Penha\" width=\"220\" height=\"300\" \/><\/p>\n<p>Ap\u00f3s seis anos que a Lei Maria da Penha est\u00e1 em vigor os resultados das ocorr\u00eancias nas Delegacias de Defesa a Mulher aponta que diminuiu bastante o n\u00famero de ocorr\u00eancias de les\u00e3o corporal e aumentou as ocorr\u00eancias de inj\u00faria. Estes dados mostram que os agressores pensam que, ao n\u00e3o bater, mas amea\u00e7ar, n\u00e3o ser\u00e3o presos. O que \u00e9 um engano, eles podem ser punidos da mesma forma.<\/p>\n<ol>\n<li>valquiria em <time datetime=\"2012-04-24T21:32:18+00:00\">24 de abril de 2012 \u00e0s 21:32<\/time> disse:<br \/>\nMulheres de diadema.<\/li>\n<\/ol>\n<ul>\n<li>marcia regina da silva ferro em <time datetime=\"2013-07-02T17:31:09+00:00\">2 de julho de 2013 \u00e0s 17:31<\/time> disse:<br \/>\nEu sou uma mulher, m\u00e3e de uma linda menina de cinco anos, me envolvi com meu ex amasio pois nunca casei. e nunca tive uni\u00e3o extav\u00e9l. por um unico e exclusivo motivo, dar um pai par minha filha.<br \/>\nAchando que estava ffazendo a coisa certa. vivi com ele durante cinco anos e meio.<br \/>\nForam cinco anos felizes at\u00e9 que por inveja de muitas pessoas,fofocas, e interferencia de familiares tudo a cabou. levei dois socos na face que at\u00e9 hoje doi. para esquecer s\u00f3 nascendo de novo . j\u00e1 pediram ja emploraram para eu esque cer. At\u00e9 poderia. mais com foi dois socos na face PODERIA SER DOIS TIROS DE UMA ARMA DE FOGO. EU TENHO QUE VIVIR PARA CUIDAR E EDUCAR MINHA FILHA QUE ELE TEM A QUARDA PROVIS\u00d3RIA\u2026\u2026\u2026\u2026..<\/li>\n<\/ul>\n<\/div>\n","protected":false},"excerpt":{"rendered":"<p>Em 2006 entrou em vigor a a lei n\u00famero 11.340 popularmente conhecida como Lei Maria da Penha que visa o aumento no rigor das puni\u00e7\u00f5es das agress\u00f5es contra a mulher quando ocorridas no \u00e2mbito dom\u00e9stico ou familiar. A Lei Maria da Penha destaca as seguintes formas de viol\u00eancia dom\u00e9stica e familiar contra a mulher: Viol\u00eancia [&hellip;]<\/p>\n","protected":false},"author":1,"featured_media":0,"parent":0,"menu_order":0,"comment_status":"open","ping_status":"open","template":"","meta":{"footnotes":""},"class_list":["post-13","page","type-page","status-publish","hentry"],"_links":{"self":[{"href":"http:\/\/homenspelofimdaviolencia.com.br\/index.php\/wp-json\/wp\/v2\/pages\/13","targetHints":{"allow":["GET"]}}],"collection":[{"href":"http:\/\/homenspelofimdaviolencia.com.br\/index.php\/wp-json\/wp\/v2\/pages"}],"about":[{"href":"http:\/\/homenspelofimdaviolencia.com.br\/index.php\/wp-json\/wp\/v2\/types\/page"}],"author":[{"embeddable":true,"href":"http:\/\/homenspelofimdaviolencia.com.br\/index.php\/wp-json\/wp\/v2\/users\/1"}],"replies":[{"embeddable":true,"href":"http:\/\/homenspelofimdaviolencia.com.br\/index.php\/wp-json\/wp\/v2\/comments?post=13"}],"version-history":[{"count":2,"href":"http:\/\/homenspelofimdaviolencia.com.br\/index.php\/wp-json\/wp\/v2\/pages\/13\/revisions"}],"predecessor-version":[{"id":113,"href":"http:\/\/homenspelofimdaviolencia.com.br\/index.php\/wp-json\/wp\/v2\/pages\/13\/revisions\/113"}],"wp:attachment":[{"href":"http:\/\/homenspelofimdaviolencia.com.br\/index.php\/wp-json\/wp\/v2\/media?parent=13"}],"curies":[{"name":"wp","href":"https:\/\/api.w.org\/{rel}","templated":true}]}}