{"id":16,"date":"2013-12-15T18:07:57","date_gmt":"2013-12-15T18:07:57","guid":{"rendered":"http:\/\/www.homenspelofimdaviolencia.com.br\/?page_id=16"},"modified":"2013-12-15T18:07:57","modified_gmt":"2013-12-15T18:07:57","slug":"violencia-domestica","status":"publish","type":"page","link":"http:\/\/homenspelofimdaviolencia.com.br\/index.php\/violencia-domestica\/","title":{"rendered":"Viol\u00eancia Dom\u00e9stica"},"content":{"rendered":"<div>\n<p>A viol\u00eancia dom\u00e9stica \u00e9 entendida como a viol\u00eancia, expl\u00edcita ou n\u00e3o, praticada dentro de casa ou no \u00e2mbito familiar, entre indiv\u00edduos unidos por parentesco civil ou natural. Inclui diversas pr\u00e1ticas, como a viol\u00eancia e o abuso sexual contra as crian\u00e7as, maus-tratos contra idosos, e viol\u00eancia contra a mulher e contra o homem.<\/p>\n<p>Pode ser dividida em viol\u00eancia f\u00edsica, viol\u00eancia psicol\u00f3gica e viol\u00eancia s\u00f3cio-econ\u00f3mica, o abandono e a neglig\u00eancia quanto a crian\u00e7as, parceiros ou idosos tamb\u00e9m podem ser considerados viol\u00eancia dom\u00e9stica.<\/p>\n<p>Dentre as formas de viol\u00eancia mais comuns destacam-se a agress\u00e3o contra a mulher, sob a forma de tapas e empurr\u00f5es, sofrida por 20% das mulheres brasileiras. E mesmo hoje existindo a Delegacia de Defesa da Mulher ainda existem muitos casos em que a vergonha e o medo s\u00e3o mais fortes que a vontade de denunciar.\u00a0 Mais da metade das mulheres violentadas n\u00e3o pedem ajuda.<strong> <\/strong>Os casos de den\u00fancia p\u00fablica s\u00e3o bem mais raros, ocorrendo principalmente diante de amea\u00e7a \u00e0 integridade f\u00edsica por armas de fogo, espancamento com marcas, fraturas ou cortes e amea\u00e7as de espancamento \u00e0 pr\u00f3pria mulher ou aos filhos.<\/p>\n<p>Mas nem todas as viol\u00eancias deixam marcas f\u00edsicas e vis\u00edveis, as ofensas verbais e morais, que causam dores, que superam a dor f\u00edsica. Humilha\u00e7\u00f5es, torturas e o abandono, s\u00e3o dif\u00edceis de superar e praticamente imposs\u00edveis de prevenir. A viol\u00eancia ps\u00edquica de xingamentos, com ofensa \u00e0 conduta moral da mulher, \u00e9 vivida por 18% das mulheres. As pesquisas ainda apontam que 8% das mulheres j\u00e1 foram amea\u00e7adas por armas de fogo e 6% sofreram abuso, for\u00e7adas a pr\u00e1ticas sexuais.<\/p>\n<p>A responsabilidade do marido ou parceiro como principal agressor \u00e9 de 53% dos casos. Outros agressores comumente citados s\u00e3o o ex-marido, o ex-companheiro e o ex-namorado. O ci\u00fame desponta como a principal causa aparente da viol\u00eancia, assim como o alcoolismo ou estar alcoolizado no momento da agress\u00e3o.<\/p>\n<ol>\n<li id=\"li-comment-534\">\n<article id=\"comment-534\">\n<footer>\n<div>Almerio Barbosa em <time datetime=\"2013-03-10T10:24:45+00:00\">10 de mar\u00e7o de 2013 \u00e0s 10:24<\/time> disse:<\/div>\n<\/footer>\n<div>\n<p>A viol\u00eancia dom\u00e9stica causa in\u00fameros problemas nas mulheres e nas crian\u00e7as que a sofrem. Sou secret\u00e1rio de escola h\u00e1 mais de 12 anos e, por isso, sei como esse tipo de viol\u00eancia prejudica a crian\u00e7a no seu conv\u00edvio social e tamb\u00e9m no aprendizado escolar. Quero saber se existem terapias ou outros tratamentos para homens que praticam esse tipo de viol\u00eancia. Grato.<\/p>\n<\/div>\n<\/article>\n<\/li>\n<li id=\"li-comment-597\">\n<article id=\"comment-597\">\n<footer>\n<div>Jonathan em <time datetime=\"2013-06-19T11:06:46+00:00\">19 de junho de 2013 \u00e0s 11:06<\/time> disse:<\/div>\n<\/footer>\n<div>\n<p>Em minha familia ja ocorreu essa violencia o que me machuca mais e que tambem fui agressor,e muito dificil pra mim hj assumir tal situa\u00e7ao me sinto um porco sem dignidade semcarater e covarde.luto com meu pscologico todos os dias pra tentar me recuperar. doi saber que fui capaz de agredir a meu conjuge a quem jurei amar. infelizmente isso ocorreu com meus avos pai e mae uma conduta erra e covarde. Estou em busca de tratamento pscologico nao so pra mim como para minha ex companheira!<\/p>\n<\/div>\n<\/article>\n<\/li>\n<\/ol>\n<\/div>\n","protected":false},"excerpt":{"rendered":"<p>A viol\u00eancia dom\u00e9stica \u00e9 entendida como a viol\u00eancia, expl\u00edcita ou n\u00e3o, praticada dentro de casa ou no \u00e2mbito familiar, entre indiv\u00edduos unidos por parentesco civil ou natural. Inclui diversas pr\u00e1ticas, como a viol\u00eancia e o abuso sexual contra as crian\u00e7as, maus-tratos contra idosos, e viol\u00eancia contra a mulher e contra o homem. Pode ser dividida [&hellip;]<\/p>\n","protected":false},"author":1,"featured_media":0,"parent":0,"menu_order":0,"comment_status":"open","ping_status":"open","template":"","meta":{"footnotes":""},"class_list":["post-16","page","type-page","status-publish","hentry"],"_links":{"self":[{"href":"http:\/\/homenspelofimdaviolencia.com.br\/index.php\/wp-json\/wp\/v2\/pages\/16","targetHints":{"allow":["GET"]}}],"collection":[{"href":"http:\/\/homenspelofimdaviolencia.com.br\/index.php\/wp-json\/wp\/v2\/pages"}],"about":[{"href":"http:\/\/homenspelofimdaviolencia.com.br\/index.php\/wp-json\/wp\/v2\/types\/page"}],"author":[{"embeddable":true,"href":"http:\/\/homenspelofimdaviolencia.com.br\/index.php\/wp-json\/wp\/v2\/users\/1"}],"replies":[{"embeddable":true,"href":"http:\/\/homenspelofimdaviolencia.com.br\/index.php\/wp-json\/wp\/v2\/comments?post=16"}],"version-history":[{"count":0,"href":"http:\/\/homenspelofimdaviolencia.com.br\/index.php\/wp-json\/wp\/v2\/pages\/16\/revisions"}],"wp:attachment":[{"href":"http:\/\/homenspelofimdaviolencia.com.br\/index.php\/wp-json\/wp\/v2\/media?parent=16"}],"curies":[{"name":"wp","href":"https:\/\/api.w.org\/{rel}","templated":true}]}}