{"id":11,"date":"2013-12-15T18:05:12","date_gmt":"2013-12-15T18:05:12","guid":{"rendered":"http:\/\/www.homenspelofimdaviolencia.com.br\/?page_id=11"},"modified":"2022-05-17T12:59:22","modified_gmt":"2022-05-17T12:59:22","slug":"campanha","status":"publish","type":"page","link":"https:\/\/homenspelofimdaviolencia.com.br\/","title":{"rendered":"A Campanha"},"content":{"rendered":"<div>\n<p><img loading=\"lazy\" decoding=\"async\" class=\"aligncenter wp-image-92 size-full\" src=\"http:\/\/homenspelofimdaviolencia.com.br\/wp-content\/uploads\/2022\/05\/homens-pelo-fim-da-violencia-contra-mulheres-head.jpg\" alt=\"\" width=\"801\" height=\"657\" srcset=\"https:\/\/homenspelofimdaviolencia.com.br\/wp-content\/uploads\/2022\/05\/homens-pelo-fim-da-violencia-contra-mulheres-head.jpg 801w, https:\/\/homenspelofimdaviolencia.com.br\/wp-content\/uploads\/2022\/05\/homens-pelo-fim-da-violencia-contra-mulheres-head-300x246.jpg 300w, https:\/\/homenspelofimdaviolencia.com.br\/wp-content\/uploads\/2022\/05\/homens-pelo-fim-da-violencia-contra-mulheres-head-768x630.jpg 768w\" sizes=\"auto, (max-width: 801px) 100vw, 801px\" \/><\/p>\n<p>A campanha \u201cHomens Unidos pelo fim da Viol\u00eancia contra as Mulheres\u201d foi lan\u00e7ada pela Secretaria Especial de Pol\u00edticas para as Mulheres \u00a0em busca de coleta de assinaturas eletr\u00f4nicas. A iniciativa desta mobiliza\u00e7\u00e3o \u00e9 uma resposta do governo brasileiro \u00e0 convoca\u00e7\u00e3o do Secret\u00e1rio-Geral da Organiza\u00e7\u00e3o das Na\u00e7\u00f5es Unidas (ONU), que lan\u00e7ou a campanha mundial a fim de mobilizar l\u00edderes nacionais, pelo fim da viol\u00eancia contra as mulheres.<\/p>\n<p>Esta \u00e9 a primeira vez que uma campanha mundial e nacional relativa \u00e0 viol\u00eancia de g\u00eanero tem o foco nos homens. A campanha tem n\u00edvel mundial, pois este \u00e9 um problema que afeta todas as sociedades impedindo que as mulheres tenham seus direitos como cidad\u00e3.<\/p>\n<p>Assim, Homens Unidos pelo fim da Viol\u00eancia contra as Mulheres busca o engajamento dos homens em prol de uma sociedade mais justa e igualit\u00e1ria, pela implementa\u00e7\u00e3o integral da Lei Maria da Penha e pela efetiva\u00e7\u00e3o de pol\u00edticas p\u00fablicas que visam o fim da viol\u00eancia contra as mulheres.<\/p>\n<p>A campanha j\u00e1 arrecadou no Brasil mais de 44 mil assinaturas. Entre as assinaturas, est\u00e3o a do ex-jogador Ra\u00ed, do cantor S\u00e9rgio Reis, do ex-presidente Lula, de autoridades pol\u00edticas, atletas, artistas e milhares de aut\u00f4nomos de nosso pa\u00eds numa demonstra\u00e7\u00e3o do compromisso p\u00fablico.<\/p>\n<p>As 44.123 mil assinaturas arrecadadas foram entregues no dia 16 de junho de 2011 em Bras\u00edlia ao Secret\u00e1rio Geral da ONU, Ban Ki-moon. A entrega foi feita pela ministra da Secretaria de Pol\u00edticas para as Mulheres, Iriny Lopes. A lista dos homens brasileiros vai fazer parte do contador mundial de assinaturas.<\/p>\n<p>Coment\u00e1rios<\/p>\n<ol>\n<li id=\"li-comment-3\">\n<article id=\"comment-3\">\n<footer>\n<div>Claudemir em <time datetime=\"2012-01-31T18:03:47+00:00\">31 de janeiro de 2012 \u00e0s 18:03<\/time> disse:<\/div>\n<\/footer>\n<div>\n<p>Eu me chamo claudemir e sou orientador social do CREAM(Centro de Referencia Especializado no Atendimento a mulher) de vi\u00e7osa do Ceara-CE,gostaria muito de receber algum material em formato de PDF para aplicar nas palestras de concientiza\u00e7\u00e3o no meu municipio,essa campanha que tem tudo a ver\u2026<\/p>\n<\/div>\n<\/article>\n<\/li>\n<li id=\"li-comment-12\">\n<article id=\"comment-12\">\n<footer>\n<div>ANDR\u00c9 FERREIRA FIGUEIRA em <time datetime=\"2012-05-27T07:49:59+00:00\">27 de maio de 2012 \u00e0s 7:49<\/time> disse:<\/div>\n<\/footer>\n<div>\n<p>Sou militar, e sou definitivamente contra a qualquer tipo de agress\u00e3o \u00e0s mulheres. N\u00f3s n\u00e3o temos o direito de descontar nossas frustra\u00e7\u00f5es em nossas m\u00e3es, companheiras e filhas.<\/p>\n<\/div>\n<\/article>\n<\/li>\n<li id=\"li-comment-16\">\n<article id=\"comment-16\">\n<footer>\n<div>Geraldo Miranda de Macedo em <time datetime=\"2012-07-12T02:35:33+00:00\">12 de julho de 2012 \u00e0s 2:35<\/time> disse:<\/div>\n<\/footer>\n<div>\n<p>Quem agride uma mulher, deve ter nascido de chocadeira, nada justifica a agress\u00e3o f\u00edsica ou verbal contra ningu\u00e9m, quanto mais contra esse ser maravilhoso que \u00e9 a mulher, penso que isso deveria ser considerado crime inafian\u00e7\u00e1vel.<\/p>\n<\/div>\n<\/article>\n<\/li>\n<li id=\"li-comment-17\">\n<article id=\"comment-17\">\n<footer>\n<div>Jos\u00e9 Ruramilton Rom\u00e3o em <time datetime=\"2012-07-12T08:41:18+00:00\">12 de julho de 2012 \u00e0s 8:41<\/time> disse:<\/div>\n<\/footer>\n<div>\n<p>Prezados, sou aluno do curso de bacharelado em estudo de g\u00eanero e diversidade com \u00eanfase nas pol\u00edticas para mulheres na UFBA -Universidade federal da Bahia e fico feliz em estar participando desse grupo.<\/p>\n<\/div>\n<\/article>\n<\/li>\n<li id=\"li-comment-18\">\n<article id=\"comment-18\">\n<footer>\n<div>Edvaldo Pereira Lima em <time datetime=\"2012-07-14T10:15:37+00:00\">14 de julho de 2012 \u00e0s 10:15<\/time> disse:<\/div>\n<\/footer>\n<div>\n<p>Definitivamente esta \u00e9 a uma iniciativa humana da maior import\u00e2ncia.<br \/>\nTodos n\u00f3s viemos da mulher, todos temos ou tivemos m\u00e3es, muitos de n\u00f3s temos companheiras, esposas, filhas. Sem as mulheres, a humanidade, tal como conhecemos hoje, n\u00e3o poderia continuar. Merecem o nosso carinho e o nosso cuidado com toda nobreza e dignidade. Nosso papel, como homens, \u00e9 tamb\u00e9m honr\u00e1-las, respeit\u00e1-las. E am\u00e1-las de fato, n\u00e3o delas abusar.<\/p>\n<\/div>\n<\/article>\n<\/li>\n<li id=\"li-comment-19\">\n<article id=\"comment-19\">\n<footer>\n<div>Bruno Eust\u00e1quio Cristiano em <time datetime=\"2012-07-17T13:08:11+00:00\">17 de julho de 2012 \u00e0s 13:08<\/time> disse:<\/div>\n<\/footer>\n<div>\n<p>Sou Bruno Eust\u00e1quio Cristiano, T\u00e9cnico de Seguran\u00e7a no Trabalho, 38 anos. Gostaria de receber algum material para que possamos divulgar e trabalhar esta campanha com nosso funcion\u00e1rios.<\/p>\n<\/div>\n<\/article>\n<\/li>\n<li id=\"li-comment-20\">\n<article id=\"comment-20\">\n<footer>\n<div>In\u00eas de Paula em <time datetime=\"2012-07-20T12:09:04+00:00\">20 de julho de 2012 \u00e0s 12:09<\/time> disse:<\/div>\n<\/footer>\n<div>\n<p>Achei fant\u00e1stica a iniciativa. Sou secret\u00e1ria da Assist\u00eancia Social do Munic\u00edpio de Cascavel \u2013 Pr., e presidente do Conselho Municipal dos Direitos da Mulher, e gostaria de receber materiais para que possamos divulgar. Obrigada.<\/p>\n<\/div>\n<\/article>\n<\/li>\n<li id=\"li-comment-21\">\n<article id=\"comment-21\">\n<footer>\n<div>Karine Ortega em <time datetime=\"2012-07-20T16:35:05+00:00\">20 de julho de 2012 \u00e0s 16:35<\/time> disse:<\/div>\n<\/footer>\n<div>\n<p>Ol\u00e1!! Sou Karine Assistente Social do CREAM(Centro de Referencia Especializado no Atendimento a mulher) e gostaria muito de receber algum material em formato de PDF para aplicar nas palestras e um material para que possamos divulgar e trabalhar esta campanha.Obrigada!!!<\/p>\n<\/div>\n<\/article>\n<\/li>\n<li id=\"li-comment-22\">\n<article id=\"comment-22\">\n<footer>\n<div>vitor em <time datetime=\"2012-08-10T11:34:50+00:00\">10 de agosto de 2012 \u00e0s 11:34<\/time> disse:<\/div>\n<\/footer>\n<div>\n<p>eu sou dono de um tereiro de candomble todos os dias escuto relatos de violencia contra a mulher acho que o apredisado tem que vim de sedo canpanha nas escolas nos tereiros nas igrejas para os homens tomarem conciensia que nao pode aver violencia contra a mulher desde crisn\u00e7a vamos juntar for\u00e7as contra violencia<\/p>\n<\/div>\n<\/article>\n<\/li>\n<li id=\"li-comment-104\">\n<article id=\"comment-104\">\n<footer>\n<div>Caetano em <time datetime=\"2012-10-04T14:11:37+00:00\">4 de outubro de 2012 \u00e0s 14:11<\/time> disse:<\/div>\n<\/footer>\n<div>\n<p>Aten\u00e7\u00e3o Homens,vamos nos policiar,pois muitas vezes julgamos alguem por seus atos,mas n\u00e3o observamos os nossos pr\u00f3prios.Apontar culpados,comentar em redes sociais,assinar em campanhas \u00e9 facil,dificil \u00e9 reconhecer que \u00e0s vezes praticamos a viol\u00eancia contra mulheres(m\u00e3e,esposa,namorada,irm\u00e3,filha,amigas,companheiras de trabalho,empregadas,vizinhas,etc..)e nem percebemos. A viol\u00eancia f\u00edsica contra as mulheres \u00e9 grande,mas a piscol\u00f3gica \u00e9 maior ainda, desde a indiferen\u00e7a,machismo,arrogancia,grosseria,trai\u00e7\u00e3o,e muitas outras coisa que praticamos at\u00e9 mesmo por habto\u2026O pior, os agressores somos eu,vc e muitos outros que ler\u00e3o isto.<\/p>\n<\/div>\n<\/article>\n<\/li>\n<li id=\"li-comment-320\">\n<article id=\"comment-320\">\n<footer>\n<div>Maria Almeida em <time datetime=\"2012-11-11T01:29:14+00:00\">11 de novembro de 2012 \u00e0s 1:29<\/time> disse:<\/div>\n<\/footer>\n<div>\n<p>A campanha ainda continua?<\/p>\n<\/div>\n<\/article>\n<ul>\n<li id=\"li-comment-389\">\n<article id=\"comment-389\">\n<footer>\n<div>admin em <time datetime=\"2012-11-27T14:48:11+00:00\">27 de novembro de 2012 \u00e0s 14:48<\/time> disse:<\/div>\n<\/footer>\n<div>\n<p>A campanha j\u00e1 foi encerrada, mas continua a ideia de preven\u00e7ao de viol\u00eancia contra as mulheres.<\/p>\n<\/div>\n<\/article>\n<\/li>\n<\/ul>\n<\/li>\n<li id=\"li-comment-531\">\n<article id=\"comment-531\">\n<footer>\n<div>Efren Diones Saqueto em <time datetime=\"2013-02-22T16:48:10+00:00\">22 de fevereiro de 2013 \u00e0s 16:48<\/time> disse:<\/div>\n<\/footer>\n<div>\n<p>Sauda\u00e7\u00f5es !<\/p>\n<p>Sou futuro Assistente social, e tb entro nessa luta contra todo tipo de viol\u00eancia, em especial a viol\u00eancia cometida contra a mulher, seja ela f\u00edsica, ps\u00edquica, moral e at\u00e9 mesmo virtual. Chega ! Mulher n\u00e3o \u00e9 objeto ! N\u00e3o mercadoria desse sistema capitalista!<\/p>\n<p>Efren Saqueto<\/p>\n<\/div>\n<\/article>\n<\/li>\n<li id=\"li-comment-532\">\n<article id=\"comment-532\">\n<footer>\n<div>Vladimir Chaves em <time datetime=\"2013-03-07T07:51:54+00:00\">7 de mar\u00e7o de 2013 \u00e0s 7:51<\/time> disse:<\/div>\n<\/footer>\n<div>\n<p>Entre todos os ensinamentos que o pai me deu, um eu nunca esqueci: Ele sempre dizia: \u201cHomem que \u00e9 homem, n\u00e3o bate em mulher. Quem bate em mulher \u00e9 covarde que tem vergonha de ser homem.\u201d Esse ensinamento j\u00e1 passei ao meu filho, e voc\u00ea?<\/p>\n<\/div>\n<\/article>\n<\/li>\n<li id=\"li-comment-535\">\n<article id=\"comment-535\">\n<footer>\n<div>Rosa Carolina Hoffmann Panatieri em <time datetime=\"2013-03-11T11:54:26+00:00\">11 de mar\u00e7o de 2013 \u00e0s 11:54<\/time> disse:<\/div>\n<\/footer>\n<div>\n<p>Ola! Sou da cidade de Cidreira RS, e estamos juntos nessa campanha. Sou organizadora de uma p\u00e1gina no facebook, onde tratamos da \/saudedamulhercidreira, e nesta sexta feira, junto com a comemora\u00e7\u00f5es do dia Internacional da Mulher, muitos homens e mulheres tiraram foto com o cartaz \u201cHOMEM DE VERDADE N\u00c3O BATE EM MULHER\u201d. bacana!<\/p>\n<\/div>\n<\/article>\n<\/li>\n<li id=\"li-comment-536\">\n<article id=\"comment-536\">\n<footer>\n<div>Ti\u00e3o Simpatia em <time datetime=\"2013-03-13T11:13:32+00:00\">13 de mar\u00e7o de 2013 \u00e0s 11:13<\/time> disse:<\/div>\n<\/footer>\n<div>\n<p>Eis a minha contribui\u00e7\u00e3o: \u201cA Lei Maria da Penha em Cordel\u201d, cuja obra foi reconhecida pela ONU em 2011 como sendo de grande relev\u00e2ncia sociocultural e traduzida para o Espanhol, Ingl\u00eas e Braile<br \/>\nSegue cordel na \u00edntegra<br \/>\nA Lei Maria da Penha em Cordel<br \/>\n(Ti\u00e3o Simpatia)<\/p>\n<p>A Lei Maria da Penha<br \/>\nEst\u00e1 em pleno vigor<br \/>\nN\u00e3o veio pra prender homem<br \/>\nMas pra punir agressor<br \/>\nPois em \u201cmulher n\u00e3o se bate<br \/>\nNem mesmo com uma flor\u201d.<\/p>\n<p>A Viol\u00eancia Dom\u00e9stica<br \/>\nTem sido uma grande vil\u00e3<br \/>\nE por ser contra a viol\u00eancia<br \/>\nDesta Lei me tornei f\u00e3<br \/>\nPra que a mulher de hoje<br \/>\nN\u00e3o seja uma v\u00edtima amanh\u00e3.<\/p>\n<p>Toda mulher tem direito<br \/>\nA viver sem viol\u00eancia<br \/>\n\u00c9 verdade, est\u00e1 na Lei<br \/>\nQue tem muita efici\u00eancia<br \/>\nPra punir o agressor<br \/>\nE \u00e0 v\u00edtima, dar assist\u00eancia.<\/p>\n<p>Est\u00e1 no Artigo Primeiro<br \/>\nQue a Lei visa coibir;<br \/>\nA Viol\u00eancia Dom\u00e9stica<br \/>\nComo tamb\u00e9m, prevenir;<br \/>\nCom medidas protetivas<br \/>\nE ao agressor, punir.<\/p>\n<p>J\u00e1 o Artigo Segundo<br \/>\nDesta Lei Especial<br \/>\nIndependente de classe<br \/>\nN\u00edvel educacional<br \/>\nDe ra\u00e7a, de etnia;<br \/>\nE orienta\u00e7\u00e3o sexual\u2026<\/p>\n<p>De cultura e de idade<br \/>\nDe renda e religi\u00e3o<br \/>\nTodas gozam dos direitos<br \/>\nSim, todas! Sem exce\u00e7\u00e3o<br \/>\nQue est\u00e3o assegurados<br \/>\nPela Constitui\u00e7\u00e3o.<\/p>\n<p>E que direitos s\u00e3o esses?<br \/>\nEis aqui a rela\u00e7\u00e3o:<br \/>\n\u00c0 vida, \u00e0 seguran\u00e7a.<br \/>\nTamb\u00e9m alimenta\u00e7\u00e3o<br \/>\n\u00c0 cultura e \u00e0 justi\u00e7a<br \/>\n\u00c0 sa\u00fade e \u00e0 educa\u00e7\u00e3o.<\/p>\n<p>Al\u00e9m da cidadania<br \/>\nTamb\u00e9m dignidade<br \/>\nAinda tem moradia<br \/>\nE o direito \u00e0 liberdade.<br \/>\nS\u00f3 tem direitos nos \u201cAs\u201d,<br \/>\nE nos \u201cOs\u201d, n\u00e3o tem novidade?<\/p>\n<p>Tem! Tem direito ao esporte<br \/>\nAo trabalho e ao lazer<br \/>\nE o acesso \u00e0 pol\u00edtica<br \/>\nPro Brasil desenvolver<br \/>\nE tantos outros direitos<br \/>\nQue n\u00e3o d\u00e1 tempo dizer.<\/p>\n<p>E a Lei Maria da Penha<br \/>\nCobre todos esses planos?<br \/>\nAh, j\u00e1 est\u00e3o assegurados<br \/>\nPelos Direitos Humanos.<br \/>\nA Lei \u00e9 mais um recurso<br \/>\nPra corrigir outros danos.<\/p>\n<p>Por exemplo: a mulher<br \/>\nAntes da Lei existir,<br \/>\nApanhava e a justi\u00e7a<br \/>\nN\u00e3o tinha como punir<br \/>\nEle voltava pra casa<br \/>\nE tornava a agredir.<\/p>\n<p>Com a Lei \u00e9 diferente<br \/>\n\u00c9 crime inaceit\u00e1vel<br \/>\nSe bater, vai pra cadeia.<br \/>\nAgress\u00e3o \u00e9 intoler\u00e1vel.<br \/>\nO Estado protege a v\u00edtima<br \/>\nDepois pune o respons\u00e1vel.<\/p>\n<p>Segundo o Artigo S\u00e9timo<br \/>\nOs tipos de Viol\u00eancia<br \/>\nDom\u00e9stica e Familiar<br \/>\nT\u00eam na sua abrang\u00eancia<br \/>\nAs cinco categorias<br \/>\nQue descrevo na sequ\u00eancia.<\/p>\n<p>A primeira \u00e9 a F\u00edsica<br \/>\nEntendendo como tal:<br \/>\nQualquer conduta ofensiva<br \/>\nDe modo irracional<br \/>\nQue fira a integridade<br \/>\nE a sa\u00fade corporal\u2026<\/p>\n<p>Tapas, socos, empurr\u00f5es;<br \/>\nBelisc\u00f5es e pontap\u00e9s<br \/>\nArranh\u00f5es, pux\u00f5es de orelha;<br \/>\nSeja um, ou sejam dez<br \/>\nTudo \u00e9 Viol\u00eancia F\u00edsica<br \/>\nE causam dores cru\u00e9is.<\/p>\n<p>Vamos ao segundo tipo<br \/>\nQue \u00e9 a Psicol\u00f3gica<br \/>\nEsta merece aten\u00e7\u00e3o<br \/>\nMais did\u00e1tica e pedag\u00f3gica<br \/>\nCom a autoestima baixa<br \/>\nToda a vida perde a l\u00f3gica\u2026<\/p>\n<p>Chantagem, humilha\u00e7\u00e3o;<br \/>\nInsultos; constrangimento;<br \/>\nS\u00e3o danos que interferem<br \/>\nNo seu desenvolvimento<br \/>\nBaixando a autoestima<br \/>\nE aumentando o sofrimento.<\/p>\n<p>Viol\u00eancia Sexual:<br \/>\nD\u00e1-se pela coa\u00e7\u00e3o<br \/>\nOu uso da For\u00e7a F\u00edsica<br \/>\nCausando intimida\u00e7\u00e3o<br \/>\nE obrigando a mulher<br \/>\nAo ato da rela\u00e7\u00e3o\u2026<\/p>\n<p>Qualquer a\u00e7\u00e3o que impe\u00e7a<br \/>\nEsta mulher de usar<br \/>\nM\u00e9todo contraceptivo<br \/>\nOu para engravidar<br \/>\nSeu direito est\u00e1 na Lei<br \/>\nBasta s\u00f3 reivindicar.<\/p>\n<p>A quarta categoria<br \/>\n\u00c9 a Patrimonial:<br \/>\nReten\u00e7\u00e3o, subtra\u00e7\u00e3o,<br \/>\nDestrui\u00e7\u00e3o parcial<br \/>\nOu total de seus pertences<br \/>\nCulmina em a\u00e7\u00e3o penal\u2026<\/p>\n<p>Instrumentos de trabalho<br \/>\nDocumentos pessoais<br \/>\nOu recursos econ\u00f4micos<br \/>\nAl\u00e9m de outras coisas mais<br \/>\nTudo isso configura<br \/>\nEm danos materiais.<\/p>\n<p>A quinta categoria<br \/>\n\u00c9 Viol\u00eancia Moral<br \/>\nS\u00e3o os crimes contra a honra<br \/>\nEst\u00e1 no C\u00f3digo Penal<br \/>\nInj\u00faria, difama\u00e7\u00e3o;<br \/>\nCal\u00fania, etc. e tal.<\/p>\n<p>Segundo o artigo quinto<br \/>\nEsses tipos de viol\u00eancia<br \/>\nD\u00e3o-se em diversos \u00e2mbitos<br \/>\nPor\u00e9m \u00e9 na resid\u00eancia<br \/>\nQue a Viol\u00eancia Dom\u00e9stica<br \/>\nTem sua maior incid\u00eancia.<\/p>\n<p>Quem pode ser enquadrado<br \/>\nComo agente\/agressor?<br \/>\nMarido ou companheiro<br \/>\nNamorado ou ex-amor<br \/>\nNo caso de uma dom\u00e9stica<br \/>\nPode ser o empregador.<\/p>\n<p>Se por acaso o irm\u00e3o<br \/>\nAgredir a sua irm\u00e3<br \/>\nO filho, agredir a m\u00e3e;<br \/>\nSeja nova ou anci\u00e3<br \/>\n\u00c9 Viol\u00eancia Dom\u00e9stica<br \/>\nS\u00e3o membros do mesmo cl\u00e3.<\/p>\n<p>E se acaso for o homem<br \/>\nQue da mulher apanhar?<br \/>\n\u00c9 Viol\u00eancia Dom\u00e9stica?<br \/>\nVoc\u00ea pode me explicar?<br \/>\nTudo pode acontecer<br \/>\nNo \u00e2mbito familiar.<\/p>\n<p>Nesse caso \u00e9 diferente;<br \/>\nA Lei \u00e9 bastante clara:<br \/>\nPor ser uma quest\u00e3o de g\u00eanero<br \/>\nSomente \u00e0 mulher, ampara<br \/>\nSe a mulher for valente<br \/>\nO homem que livre a cara.<\/p>\n<p>E procure seus direitos<br \/>\nDa forma que lhe convenha<br \/>\nSe o sujeito aprontou<br \/>\nE a mulher desceu-lhe a lenha<br \/>\nRecorra ao C\u00f3digo Penal<br \/>\nN\u00e3o \u00e0 Lei Maria da Penha.<\/p>\n<p>Agora, num caso l\u00e9sbico;<br \/>\nSe no qual a companheira<br \/>\nOferecer qualquer risco<br \/>\n\u00c0 vida de sua parceira<br \/>\nA agressora \u00e9 punida;<br \/>\nPois a Lei n\u00e3o d\u00e1 bobeira.<\/p>\n<p>Para que os seus direitos<br \/>\nEstejam assegurados<br \/>\nA Lei Maria da Penha<br \/>\nTamb\u00e9m cria os Juizados<br \/>\nDe Viol\u00eancia Dom\u00e9stica<br \/>\nPara todos os Estados.<\/p>\n<p>A\u00ed, cabe aos governantes<br \/>\nDe cada federa\u00e7\u00e3o<br \/>\nDestinarem os recursos<br \/>\nPara implementa\u00e7\u00e3o<br \/>\nDa Lei Maria da Penha<br \/>\nEm prol da popula\u00e7\u00e3o.<\/p>\n<p>Espero ter sido \u00fatil<br \/>\nNeste cordel que criei<br \/>\nPara informar o povo<br \/>\nSobre a import\u00e2ncia da Lei<br \/>\nPois quem agride uma Rainha<br \/>\nN\u00e3o merece ser um Rei.<\/p>\n<p>Dizia o velho ditado<br \/>\nQue \u201cningu\u00e9m mete a colher\u201d.<br \/>\nEm briga de namorado<br \/>\nOu de \u201cmarido e mulher\u201d<br \/>\nN\u00e3o metia\u2026 Agora, mete!<br \/>\nPois isso agora reflete<br \/>\nNo mundo que a gente quer.<\/p>\n<p>Contatos com o autor:<br \/>\n(85)8618.8696 \/ 9949.1338<br \/>\nEmail: tiaosimpatia@hotmail.com<\/p>\n<\/div>\n<div><\/div>\n<\/article>\n<\/li>\n<li id=\"li-comment-576\">\n<article id=\"comment-576\">\n<footer>\n<div>CEILA MARIA ALMEIDA BEZERRA em <time datetime=\"2013-06-04T13:33:43+00:00\">4 de junho de 2013 \u00e0s 13:33<\/time> disse:<\/div>\n<\/footer>\n<div>\n<p>Boa tarde!<\/p>\n<p>Sou coordenadora do Centro de Refer\u00eancia Mulher e Cidadania de Quixad\u00e1-Ce; e<br \/>\ngostaria de receber tudo que tenham de material desta campanha Homens pelo fim da viol\u00eancia contra as mulheres, para utilizarmos em nossas palestras e rodas de conversa.<br \/>\nEndere\u00e7o: Rua Jos\u00e9 Juc\u00e1, n\u00b0110-Bairro: Rodovi\u00e1ria<br \/>\nQuixad\u00e1-Cear\u00e1 Cep:63:900.000<\/p>\n<\/div>\n<\/article>\n<\/li>\n<\/ol>\n<\/div>\n","protected":false},"excerpt":{"rendered":"<p>A campanha \u201cHomens Unidos pelo fim da Viol\u00eancia contra as Mulheres\u201d foi lan\u00e7ada pela Secretaria Especial de Pol\u00edticas para as Mulheres \u00a0em busca de coleta de assinaturas eletr\u00f4nicas. A iniciativa desta mobiliza\u00e7\u00e3o \u00e9 uma resposta do governo brasileiro \u00e0 convoca\u00e7\u00e3o do Secret\u00e1rio-Geral da Organiza\u00e7\u00e3o das Na\u00e7\u00f5es Unidas (ONU), que lan\u00e7ou a campanha mundial a fim [&hellip;]<\/p>\n","protected":false},"author":1,"featured_media":0,"parent":0,"menu_order":0,"comment_status":"open","ping_status":"open","template":"","meta":{"footnotes":""},"class_list":["post-11","page","type-page","status-publish","hentry"],"_links":{"self":[{"href":"https:\/\/homenspelofimdaviolencia.com.br\/index.php\/wp-json\/wp\/v2\/pages\/11","targetHints":{"allow":["GET"]}}],"collection":[{"href":"https:\/\/homenspelofimdaviolencia.com.br\/index.php\/wp-json\/wp\/v2\/pages"}],"about":[{"href":"https:\/\/homenspelofimdaviolencia.com.br\/index.php\/wp-json\/wp\/v2\/types\/page"}],"author":[{"embeddable":true,"href":"https:\/\/homenspelofimdaviolencia.com.br\/index.php\/wp-json\/wp\/v2\/users\/1"}],"replies":[{"embeddable":true,"href":"https:\/\/homenspelofimdaviolencia.com.br\/index.php\/wp-json\/wp\/v2\/comments?post=11"}],"version-history":[{"count":2,"href":"https:\/\/homenspelofimdaviolencia.com.br\/index.php\/wp-json\/wp\/v2\/pages\/11\/revisions"}],"predecessor-version":[{"id":94,"href":"https:\/\/homenspelofimdaviolencia.com.br\/index.php\/wp-json\/wp\/v2\/pages\/11\/revisions\/94"}],"wp:attachment":[{"href":"https:\/\/homenspelofimdaviolencia.com.br\/index.php\/wp-json\/wp\/v2\/media?parent=11"}],"curies":[{"name":"wp","href":"https:\/\/api.w.org\/{rel}","templated":true}]}}